{"id":5405,"date":"2022-05-20T18:02:30","date_gmt":"2022-05-20T16:02:30","guid":{"rendered":"https:\/\/pharmavalue.it\/?page_id=5405"},"modified":"2026-01-21T12:53:50","modified_gmt":"2026-01-21T11:53:50","slug":"newsletter-archive","status":"publish","type":"page","link":"https:\/\/pharmavalue.it\/en\/newsletter-archive\/","title":{"rendered":"Newsletter Archive"},"content":{"rendered":"<div data-elementor-type=\"wp-page\" data-elementor-id=\"5405\" class=\"elementor elementor-5405\" data-elementor-post-type=\"page\">\n\t\t\t\t\t\t<section class=\"elementor-section elementor-top-section elementor-element elementor-element-d5557ab elementor-section-height-min-height elementor-section-stretched elementor-hidden-tablet elementor-hidden-phone elementor-section-boxed elementor-section-height-default elementor-section-items-middle\" data-id=\"d5557ab\" data-element_type=\"section\" data-e-type=\"section\" data-settings=\"{&quot;stretch_section&quot;:&quot;section-stretched&quot;,&quot;background_background&quot;:&quot;classic&quot;}\">\n\t\t\t\t\t\t<div class=\"elementor-container elementor-column-gap-no\">\n\t\t\t\t\t<div class=\"elementor-column elementor-col-100 elementor-top-column elementor-element elementor-element-8d00bbb\" data-id=\"8d00bbb\" data-element_type=\"column\" data-e-type=\"column\">\n\t\t\t<div class=\"elementor-widget-wrap\">\n\t\t\t\t\t\t\t<\/div>\n\t\t<\/div>\n\t\t\t\t\t<\/div>\n\t\t<\/section>\n\t\t\t\t<section class=\"elementor-section elementor-top-section elementor-element elementor-element-f149830 elementor-section-height-min-height elementor-section-stretched elementor-hidden-desktop elementor-section-boxed elementor-section-height-default elementor-section-items-middle\" data-id=\"f149830\" data-element_type=\"section\" data-e-type=\"section\" data-settings=\"{&quot;stretch_section&quot;:&quot;section-stretched&quot;,&quot;background_background&quot;:&quot;classic&quot;}\">\n\t\t\t\t\t\t<div class=\"elementor-container elementor-column-gap-no\">\n\t\t\t\t\t<div class=\"elementor-column elementor-col-100 elementor-top-column elementor-element elementor-element-f9c40ba\" data-id=\"f9c40ba\" data-element_type=\"column\" data-e-type=\"column\">\n\t\t\t<div class=\"elementor-widget-wrap\">\n\t\t\t\t\t\t\t<\/div>\n\t\t<\/div>\n\t\t\t\t\t<\/div>\n\t\t<\/section>\n\t\t\t\t<section class=\"elementor-section elementor-top-section elementor-element elementor-element-861d224 elementor-section-boxed elementor-section-height-default elementor-section-height-default\" data-id=\"861d224\" data-element_type=\"section\" data-e-type=\"section\">\n\t\t\t\t\t\t<div class=\"elementor-container elementor-column-gap-default\">\n\t\t\t\t\t<div class=\"elementor-column elementor-col-100 elementor-top-column elementor-element elementor-element-93887f1\" data-id=\"93887f1\" data-element_type=\"column\" data-e-type=\"column\">\n\t\t\t<div class=\"elementor-widget-wrap elementor-element-populated\">\n\t\t\t\t\t\t<div class=\"elementor-element elementor-element-7a17811 elementor-widget elementor-widget-heading\" data-id=\"7a17811\" data-element_type=\"widget\" data-e-type=\"widget\" data-widget_type=\"heading.default\">\n\t\t\t\t\t<h2 class=\"elementor-heading-title elementor-size-default\">Newsletter Archive<\/h2>\t\t\t\t<\/div>\n\t\t\t\t\t<\/div>\n\t\t<\/div>\n\t\t\t\t\t<\/div>\n\t\t<\/section>\n\t\t\t\t<section class=\"elementor-section elementor-top-section elementor-element elementor-element-f94dfad elementor-section-boxed elementor-section-height-default elementor-section-height-default\" data-id=\"f94dfad\" data-element_type=\"section\" data-e-type=\"section\">\n\t\t\t\t\t\t<div class=\"elementor-container elementor-column-gap-default\">\n\t\t\t\t\t<div class=\"elementor-column elementor-col-100 elementor-top-column elementor-element elementor-element-9366a87\" data-id=\"9366a87\" data-element_type=\"column\" data-e-type=\"column\">\n\t\t\t<div class=\"elementor-widget-wrap elementor-element-populated\">\n\t\t\t\t\t\t<div class=\"elementor-element elementor-element-e964dd0 elementor-widget elementor-widget-text-editor\" data-id=\"e964dd0\" data-element_type=\"widget\" data-e-type=\"widget\" data-widget_type=\"text-editor.default\">\n\t\t\t\t\t\t\t\t\t<p>This is the archive of what we have already written.<\/p>\t\t\t\t\t\t\t\t<\/div>\n\t\t\t\t\t<\/div>\n\t\t<\/div>\n\t\t\t\t\t<\/div>\n\t\t<\/section>\n\t\t\t\t<section class=\"elementor-section elementor-top-section elementor-element elementor-element-319de2c elementor-section-boxed elementor-section-height-default elementor-section-height-default\" data-id=\"319de2c\" data-element_type=\"section\" data-e-type=\"section\">\n\t\t\t\t\t\t<div class=\"elementor-container elementor-column-gap-default\">\n\t\t\t\t\t<div class=\"elementor-column elementor-col-100 elementor-top-column elementor-element elementor-element-338f22d\" data-id=\"338f22d\" data-element_type=\"column\" data-e-type=\"column\">\n\t\t\t<div class=\"elementor-widget-wrap elementor-element-populated\">\n\t\t\t\t\t\t<div class=\"elementor-element elementor-element-f90e66c elementor-vertical-align-top elementor-widget elementor-widget-image-box\" data-id=\"f90e66c\" data-element_type=\"widget\" data-e-type=\"widget\" data-widget_type=\"image-box.default\">\n\t\t\t\t\t<div class=\"elementor-image-box-wrapper\"><div class=\"elementor-image-box-content\"><h3 class=\"elementor-image-box-title\"><a href=\"https:\/\/mailchi.mp\/7cca721f2d98\/pensierini-13-sulla-generosit-e-i-suoi-guadagni\" target=\"_blank\">Thoughts #13<\/a><\/h3><p class=\"elementor-image-box-description\">On generosity and its gains.<\/p><\/div><\/div>\t\t\t\t<\/div>\n\t\t\t\t<div class=\"elementor-element elementor-element-85a4e03 elementor-vertical-align-top elementor-widget elementor-widget-image-box\" data-id=\"85a4e03\" data-element_type=\"widget\" data-e-type=\"widget\" data-widget_type=\"image-box.default\">\n\t\t\t\t\t<div class=\"elementor-image-box-wrapper\"><div class=\"elementor-image-box-content\"><h3 class=\"elementor-image-box-title\"><a href=\"https:\/\/mailchi.mp\/533c1b86494e\/pensierini-12-sulla-necessit-di-fare-esperienze-diverse\" target=\"_blank\">Thoughts #12<\/a><\/h3><p class=\"elementor-image-box-description\">On the need for different experiences<\/p><\/div><\/div>\t\t\t\t<\/div>\n\t\t\t\t<div class=\"elementor-element elementor-element-8f3daed elementor-vertical-align-top elementor-widget elementor-widget-image-box\" data-id=\"8f3daed\" data-element_type=\"widget\" data-e-type=\"widget\" data-widget_type=\"image-box.default\">\n\t\t\t\t\t<div class=\"elementor-image-box-wrapper\"><div class=\"elementor-image-box-content\"><h3 class=\"elementor-image-box-title\"><a href=\"https:\/\/mailchi.mp\/edd3ef585ef3\/pensierini-11-non-sono-solo-i-numeri-che-raccontano\" target=\"_blank\">Thoughts #11<\/a><\/h3><p class=\"elementor-image-box-description\">It is not just the numbers that tell<\/p><\/div><\/div>\t\t\t\t<\/div>\n\t\t\t\t<div class=\"elementor-element elementor-element-41c7993 elementor-vertical-align-top elementor-widget elementor-widget-image-box\" data-id=\"41c7993\" data-element_type=\"widget\" data-e-type=\"widget\" data-widget_type=\"image-box.default\">\n\t\t\t\t\t<div class=\"elementor-image-box-wrapper\"><div class=\"elementor-image-box-content\"><h3 class=\"elementor-image-box-title\"><a href=\"https:\/\/us6.campaign-archive.com\/?u=3ec072b50e4581ad620a1ac0e&#038;id=57f4196913\" target=\"_blank\">Thoughts #10<\/a><\/h3><p class=\"elementor-image-box-description\">On standard procedures and creativity. The enterprise is also about creating a cultural legacy.<\/p><\/div><\/div>\t\t\t\t<\/div>\n\t\t\t\t<div class=\"elementor-element elementor-element-bee3b91 elementor-vertical-align-top elementor-widget elementor-widget-image-box\" data-id=\"bee3b91\" data-element_type=\"widget\" data-e-type=\"widget\" data-widget_type=\"image-box.default\">\n\t\t\t\t\t<div class=\"elementor-image-box-wrapper\"><div class=\"elementor-image-box-content\"><h3 class=\"elementor-image-box-title\"><a href=\"https:\/\/mailchi.mp\/c3014f217fdc\/pensierini-9-sui-soldi-la-difficolta-a-parlarne-modelli-economici-e-dubbi-tanti-dubbi\" target=\"_blank\">Thoughts #9<\/a><\/h3><p class=\"elementor-image-box-description\">About money, the difficulty of talking about it, economic models and doubts. So many doubts<\/p><\/div><\/div>\t\t\t\t<\/div>\n\t\t\t\t<div class=\"elementor-element elementor-element-191e678 elementor-vertical-align-top elementor-widget elementor-widget-image-box\" data-id=\"191e678\" data-element_type=\"widget\" data-e-type=\"widget\" data-widget_type=\"image-box.default\">\n\t\t\t\t\t<div class=\"elementor-image-box-wrapper\"><div class=\"elementor-image-box-content\"><h3 class=\"elementor-image-box-title\"><a href=\"https:\/\/us6.campaign-archive.com\/?u=3ec072b50e4581ad620a1ac0e&#038;id=3c6c1e3b0c\" target=\"_blank\">Thoughts #8<\/a><\/h3><p class=\"elementor-image-box-description\">What I have learnt in 10 years<\/p><\/div><\/div>\t\t\t\t<\/div>\n\t\t\t\t<div class=\"elementor-element elementor-element-195b256 elementor-vertical-align-top elementor-widget elementor-widget-image-box\" data-id=\"195b256\" data-element_type=\"widget\" data-e-type=\"widget\" data-widget_type=\"image-box.default\">\n\t\t\t\t\t<div class=\"elementor-image-box-wrapper\"><div class=\"elementor-image-box-content\"><h3 class=\"elementor-image-box-title\"><a href=\"https:\/\/mailchi.mp\/102864cd25dd\/pensierini-7-su-fallimenti-ricerca-scientifica-e-common-humanity\" target=\"_blank\">Thoughts #7<\/a><\/h3><p class=\"elementor-image-box-description\">On failure, scientific research and common humanity<\/p><\/div><\/div>\t\t\t\t<\/div>\n\t\t\t\t<div class=\"elementor-element elementor-element-be711ab elementor-vertical-align-top elementor-widget elementor-widget-image-box\" data-id=\"be711ab\" data-element_type=\"widget\" data-e-type=\"widget\" data-widget_type=\"image-box.default\">\n\t\t\t\t\t<div class=\"elementor-image-box-wrapper\"><div class=\"elementor-image-box-content\"><h3 class=\"elementor-image-box-title\"><a href=\"https:\/\/us6.campaign-archive.com\/?u=3ec072b50e4581ad620a1ac0e&#038;id=9d2dc2fd49\" target=\"_blank\">Thoughts #6<\/a><\/h3><p class=\"elementor-image-box-description\">On conservatism, miscommunication and innovation<\/p><\/div><\/div>\t\t\t\t<\/div>\n\t\t\t\t<div class=\"elementor-element elementor-element-c186bc7 elementor-vertical-align-top elementor-widget elementor-widget-image-box\" data-id=\"c186bc7\" data-element_type=\"widget\" data-e-type=\"widget\" data-widget_type=\"image-box.default\">\n\t\t\t\t\t<div class=\"elementor-image-box-wrapper\"><div class=\"elementor-image-box-content\"><h3 class=\"elementor-image-box-title\"><a href=\"https:\/\/mailchi.mp\/73e73fd291d1\/pensierini-5-sul-tempo-il-prendersi-cura-e-la-fiducia\" target=\"_blank\">Thoughts #5<\/a><\/h3><p class=\"elementor-image-box-description\">On time, caring and trust<\/p><\/div><\/div>\t\t\t\t<\/div>\n\t\t\t\t<div class=\"elementor-element elementor-element-df68e24 elementor-vertical-align-top elementor-widget elementor-widget-image-box\" data-id=\"df68e24\" data-element_type=\"widget\" data-e-type=\"widget\" data-widget_type=\"image-box.default\">\n\t\t\t\t\t<div class=\"elementor-image-box-wrapper\"><div class=\"elementor-image-box-content\"><h3 class=\"elementor-image-box-title\"><a href=\"https:\/\/mailchi.mp\/daceb56ab713\/pensierini-4-il-mio-wrapped-2021-una-compilation-delle-cose-che-ho-fatto-e-pensato\" target=\"_blank\">Thoughts #4<\/a><\/h3><p class=\"elementor-image-box-description\">My wrapped 2021: a compilation of things I did and thought<\/p><\/div><\/div>\t\t\t\t<\/div>\n\t\t\t\t<div class=\"elementor-element elementor-element-0f2486e elementor-vertical-align-top elementor-widget elementor-widget-image-box\" data-id=\"0f2486e\" data-element_type=\"widget\" data-e-type=\"widget\" data-widget_type=\"image-box.default\">\n\t\t\t\t\t<div class=\"elementor-image-box-wrapper\"><div class=\"elementor-image-box-content\"><h3 class=\"elementor-image-box-title\"><a href=\"https:\/\/mailchi.mp\/b0eaa14843d5\/pensierini-3-sul-potere-delle-storie\" target=\"_blank\">Thoughts #3<\/a><\/h3><p class=\"elementor-image-box-description\">On the power of stories<\/p><\/div><\/div>\t\t\t\t<\/div>\n\t\t\t\t<div class=\"elementor-element elementor-element-624207a elementor-vertical-align-top elementor-widget elementor-widget-image-box\" data-id=\"624207a\" data-element_type=\"widget\" data-e-type=\"widget\" data-widget_type=\"image-box.default\">\n\t\t\t\t\t<div class=\"elementor-image-box-wrapper\"><div class=\"elementor-image-box-content\"><h3 class=\"elementor-image-box-title\"><a href=\"https:\/\/mailchi.mp\/3e3bf4acedea\/pensierini-2\" target=\"_blank\">Thoughts #2<\/a><\/h3><p class=\"elementor-image-box-description\">On the pleasure and necessity of presence, how listening, interaction and decision-making change<\/p><\/div><\/div>\t\t\t\t<\/div>\n\t\t\t\t<div class=\"elementor-element elementor-element-fa12851 elementor-vertical-align-top elementor-widget elementor-widget-image-box\" data-id=\"fa12851\" data-element_type=\"widget\" data-e-type=\"widget\" data-widget_type=\"image-box.default\">\n\t\t\t\t\t<div class=\"elementor-image-box-wrapper\"><div class=\"elementor-image-box-content\"><h3 class=\"elementor-image-box-title\"><a href=\"https:\/\/mailchi.mp\/f1115e6d4fc1\/pensierini-1-sulla-storiografia-della-scienza-limportanza-delle-regole-e-delle-intenzioni\" target=\"_blank\">Thoughts #1<\/a><\/h3><p class=\"elementor-image-box-description\">On the historiography of science, the importance of rules and intentions<\/p><\/div><\/div>\t\t\t\t<\/div>\n\t\t\t\t\t<\/div>\n\t\t<\/div>\n\t\t\t\t\t<\/div>\n\t\t<\/section>\n\t\t\t\t<\/div>","protected":false},"excerpt":{"rendered":"<p>Archivio delle Newsletter Questo \u00e8 l&#8217;archivio di quello che abbiamo gi\u00e0 scritto Pensierini #13 Sulla generosit\u00e0 e i suoi guadagni. Pensierini #12 Sulla necessit\u00e0 di fare esperienze diverse Pensierini #11 Non sono solo i numeri che raccontano Pensierini #10 Sulle procedure standard e la creativit\u00e0. L\u2019impresa \u00e8 creare un\u2019eredit\u00e0 anche culturale. Pensierini #9 Sui soldi, [&hellip;]<\/p>\n","protected":false},"author":1,"featured_media":0,"parent":0,"menu_order":0,"comment_status":"closed","ping_status":"closed","template":"","meta":{"_seopress_robots_primary_cat":"","_seopress_titles_title":"","_seopress_titles_desc":"","_seopress_robots_index":"","footnotes":""},"class_list":["post-5405","page","type-page","status-publish","hentry"],"_links":{"self":[{"href":"https:\/\/pharmavalue.it\/en\/wp-json\/wp\/v2\/pages\/5405","targetHints":{"allow":["GET"]}}],"collection":[{"href":"https:\/\/pharmavalue.it\/en\/wp-json\/wp\/v2\/pages"}],"about":[{"href":"https:\/\/pharmavalue.it\/en\/wp-json\/wp\/v2\/types\/page"}],"author":[{"embeddable":true,"href":"https:\/\/pharmavalue.it\/en\/wp-json\/wp\/v2\/users\/1"}],"replies":[{"embeddable":true,"href":"https:\/\/pharmavalue.it\/en\/wp-json\/wp\/v2\/comments?post=5405"}],"version-history":[{"count":0,"href":"https:\/\/pharmavalue.it\/en\/wp-json\/wp\/v2\/pages\/5405\/revisions"}],"wp:attachment":[{"href":"https:\/\/pharmavalue.it\/en\/wp-json\/wp\/v2\/media?parent=5405"}],"curies":[{"name":"wp","href":"https:\/\/api.w.org\/{rel}","templated":true}]}}